{"id":528,"date":"2025-10-22T17:57:25","date_gmt":"2025-10-22T20:57:25","guid":{"rendered":"https:\/\/oracoes.bibliaonlinebr.com\/?page_id=528"},"modified":"2025-10-22T17:57:27","modified_gmt":"2025-10-22T20:57:27","slug":"contato","status":"publish","type":"page","link":"https:\/\/oracoes.bibliaonlinebr.com\/index.php\/contato\/","title":{"rendered":"Contato"},"content":{"rendered":"\n<p>Se voc\u00ea deseja entrar em contato com a equipe do&nbsp;<strong>B\u00edblia Online<\/strong>, envie sua mensagem diretamente para o nosso e-mail:<\/p>\n\n\n\n<p>\ud83d\udce7&nbsp;<a href=\"mailto:contato@bibliaonline.com.br\">contato@bibliaonlinebr.com<\/a><\/p>\n\n\n\n<p>Estamos \u00e0 disposi\u00e7\u00e3o para receber d\u00favidas, sugest\u00f5es ou qualquer informa\u00e7\u00e3o que queira compartilhar conosco.<\/p>\n\n\n\n<p><\/p>\n","protected":false},"excerpt":{"rendered":"<p>Se voc\u00ea deseja entrar em contato com a equipe do&nbsp;B\u00edblia Online, envie sua mensagem diretamente para o nosso e-mail: \ud83d\udce7&nbsp;contato@bibliaonlinebr.com Estamos \u00e0 disposi\u00e7\u00e3o para receber d\u00favidas, sugest\u00f5es ou qualquer informa\u00e7\u00e3o que queira compartilhar conosco.<\/p>\n","protected":false},"author":1,"featured_media":0,"parent":0,"menu_order":0,"comment_status":"closed","ping_status":"closed","template":"","meta":{"googlesitekit_rrm_CAowuOjdCw:productID":"","om_disable_all_campaigns":false,"neve_meta_sidebar":"","neve_meta_container":"","neve_meta_enable_content_width":"","neve_meta_content_width":0,"neve_meta_title_alignment":"","neve_meta_author_avatar":"","neve_post_elements_order":"","neve_meta_disable_header":"","neve_meta_disable_footer":"","neve_meta_disable_title":"","neve_meta_reading_time":"","_themeisle_gutenberg_block_has_review":false,"footnotes":""},"class_list":["post-528","page","type-page","status-publish","hentry"],"aioseo_notices":[],"_links":{"self":[{"href":"https:\/\/oracoes.bibliaonlinebr.com\/index.php\/wp-json\/wp\/v2\/pages\/528","targetHints":{"allow":["GET"]}}],"collection":[{"href":"https:\/\/oracoes.bibliaonlinebr.com\/index.php\/wp-json\/wp\/v2\/pages"}],"about":[{"href":"https:\/\/oracoes.bibliaonlinebr.com\/index.php\/wp-json\/wp\/v2\/types\/page"}],"author":[{"embeddable":true,"href":"https:\/\/oracoes.bibliaonlinebr.com\/index.php\/wp-json\/wp\/v2\/users\/1"}],"replies":[{"embeddable":true,"href":"https:\/\/oracoes.bibliaonlinebr.com\/index.php\/wp-json\/wp\/v2\/comments?post=528"}],"version-history":[{"count":0,"href":"https:\/\/oracoes.bibliaonlinebr.com\/index.php\/wp-json\/wp\/v2\/pages\/528\/revisions"}],"wp:attachment":[{"href":"https:\/\/oracoes.bibliaonlinebr.com\/index.php\/wp-json\/wp\/v2\/media?parent=528"}],"curies":[{"name":"wp","href":"https:\/\/api.w.org\/{rel}","templated":true}]}}